{"id":66,"date":"2021-03-04T04:41:45","date_gmt":"2021-03-04T04:41:45","guid":{"rendered":"https:\/\/harvard.edu.pe\/main\/?page_id=139"},"modified":"2024-12-27T17:48:03","modified_gmt":"2024-12-27T17:48:03","slug":"primaria","status":"publish","type":"page","link":"https:\/\/harvard.edu.pe\/main\/propuesta_educativa\/primaria\/","title":{"rendered":"PRIMARIA"},"content":{"rendered":"\n\n\n\n\n\n\n<h3 style=\"line-height: 1;\"><span style=\"color: rgb(84, 141, 212);\">Conoce nuestra\npropuesta educativa en Primaria<\/span><\/h3>\n\n<h6><span style=\"font-family: Montserrat, sans-serif; font-size: 16px;\"><span style=\"font-size: 18px; color: rgb(0, 0, 0);\">Nuestra propuesta educativa ha sido dise\u00f1ada para preparar a nuestros estudiantes a enfrentar los retos del futuro con un m\u00e9todo de ense\u00f1anza innovador, infraestructura moderna y una formaci\u00f3n de l\u00edderes en valores.\n<br>\nNuestra metodolog\u00eda respeta los ritmos de aprendizaje de cada estudiante, fomentando el trabajo en equipo y aut\u00f3nomo a trav\u00e9s de plataformas educativas digitales.<\/span><span style=\"color: rgb(128, 128, 128); font-size: 17px;\"><span style=\"font-size: 18px;\"><\/span><\/span><\/span><\/h6>\n\n\n\n\n\n\n\n\n\n\n\n<h3 align=\"center\" style=\"line-height: 1;\"><span style=\"color: rgb(84, 141, 212);\">PROPUESTA ACAD\u00c9MICA<\/span><\/h3>\n\n\n\n\n\n\n\n<span style=\"font-size: 18px;\"><br><\/span><h6><span style=\"font-size: 18px;\">Sus hijos en este a\u00f1o desarrollar\u00e1n:<\/span><\/p><span style=\"font-size: 18px;\"><br><\/span><p><span style=\"font-size: 18px;\"><img decoding=\"async\" draggable=\"true\" role=\"img\" class=\"emoji\" alt=\"\ud83d\udd39\" src=\"https:\/\/s.w.org\/images\/core\/emoji\/13.0.1\/svg\/1f539.svg\"> \tUna educaci\u00f3n integral,  promoviendo el desarrollo de las capacidades cognitivas, art\u00edsticas y deportivas.<\/span><\/p><p><span style=\"font-size: 18px;\"><img decoding=\"async\" draggable=\"true\" role=\"img\" class=\"emoji\" alt=\"\ud83d\udd39\" src=\"https:\/\/s.w.org\/images\/core\/emoji\/13.0.1\/svg\/1f539.svg\"> \tEl conocimiento cient\u00edfico, donde la realidad es el recurso para la observaci\u00f3n y experimentaci\u00f3n.<\/span><\/p><p><span style=\"font-size: 18px;\"><img decoding=\"async\" draggable=\"true\" role=\"img\" class=\"emoji\" alt=\"\ud83d\udd39\" src=\"https:\/\/s.w.org\/images\/core\/emoji\/13.0.1\/svg\/1f539.svg\"> \tLa creatividad, convirti\u00e9ndolo en el principal medio de su aprendizaje.<\/span><\/p><p><span style=\"font-size: 18px;\"><img decoding=\"async\" draggable=\"true\" role=\"img\" class=\"emoji\" alt=\"\ud83d\udd39\" src=\"https:\/\/s.w.org\/images\/core\/emoji\/13.0.1\/svg\/1f539.svg\"> \tEl trabajo en equipo como una forma para favorecer su aprendizaje y confianza en s\u00ed mismos.<\/span><\/p><p><span style=\"font-size: 18px;\"><img decoding=\"async\" draggable=\"true\" role=\"img\" class=\"emoji\" alt=\"\ud83d\udd39\" src=\"https:\/\/s.w.org\/images\/core\/emoji\/13.0.1\/svg\/1f539.svg\"> \tEl ejercicio de su ciudadan\u00eda de forma protag\u00f3nica, participando activamente en la organizaci\u00f3n y representaci\u00f3n de su aula y nivel.<\/span><\/p>\n\n\n\n\n\n<h3 align=\"center\"><span style=\"color: rgb(79, 129, 189);\">HORARIO DE CLASES<\/span><\/h3>\n\n\n\n\n\n\n\n<h3 align=\"center\" style=\"line-height: 1;\"><span style=\"color: rgb(84, 141, 212);\">CALENDARIZACI\u00d3N\n<\/span><\/h3>\n\n\n\n<p><br><\/p>\n\n\n\n\n\n\n\n\n\n<h3 style=\"line-height: 1;\" align=\"center\"><span style=\"color: rgb(84, 141, 212);\">PLATAFORMA VIRTUAL<br><\/span><\/h3>\n\n\n\n\n\n\n<h3 align=\"center\" style=\"line-height: 1;\"><span style=\"color: rgb(84, 141, 212);\">SIANET\n<\/span><\/h3>\n<h6 dir=\"ltr\" class=\"CDt4Ke zfr3Q\" style=\"font-variant-ligatures: none; margin: 0px; outline: none; position: relative; color: rgb(33, 33, 33); font-size: 11pt; text-decoration-line: inherit; font-family: Merriweather, serif; line-height: 1.6667; padding-top: 0px; white-space: pre-wrap;\">\ud83d\udd39<span class=\" Apple-tab-span\" style=\"white-space: pre;\">\t<\/span>Clases en vivo interactivas<\/p><p dir=\"ltr\" class=\"CDt4Ke zfr3Q\" style=\"font-variant-ligatures: none; margin: 12px 0px 0px; outline: none; position: relative; color: rgb(33, 33, 33); font-size: 11pt; text-decoration-line: inherit; font-family: Merriweather, serif; line-height: 1.6667; white-space: pre-wrap;\">\ud83d\udd39<span class=\" Apple-tab-span\" style=\"white-space: pre;\">\t<\/span>Sistema de notas<\/p><p dir=\"ltr\" class=\"CDt4Ke zfr3Q\" style=\"font-variant-ligatures: none; margin: 12px 0px 0px; outline: none; position: relative; color: rgb(33, 33, 33); font-size: 11pt; text-decoration-line: inherit; font-family: Merriweather, serif; line-height: 1.6667; white-space: pre-wrap;\">\ud83d\udd39<span class=\" Apple-tab-span\" style=\"white-space: pre;\">\t<\/span>Tareas y ex\u00e1menes virtuales<\/p><p dir=\"ltr\" class=\"CDt4Ke zfr3Q\" style=\"font-variant-ligatures: none; margin: 12px 0px 0px; outline: none; position: relative; color: rgb(33, 33, 33); font-size: 11pt; text-decoration-line: inherit; font-family: Merriweather, serif; line-height: 1.6667; white-space: pre-wrap;\">\ud83d\udd39<span class=\" Apple-tab-span\" style=\"white-space: pre;\">\t<\/span>Mensajer\u00eda interna<\/p><p dir=\"ltr\" class=\"CDt4Ke zfr3Q\" style=\"font-variant-ligatures: none; margin: 12px 0px 0px; outline: none; position: relative; color: rgb(33, 33, 33); font-size: 11pt; text-decoration-line: inherit; font-family: Merriweather, serif; line-height: 1.6667; padding-bottom: 0px; white-space: pre-wrap;\">\ud83d\udd39<span class=\" Apple-tab-span\" style=\"white-space: pre;\">\t<\/span>Aplicaci\u00f3n para celulares<\/p>\n\n\n\n\n<h3 align=\"center\" style=\"line-height: 1;\"><span style=\"color: rgb(84, 141, 212);\">GOOGLE SUITE FOR EDUCATION\n<\/span><\/h3>\n<h6 dir=\"ltr\" class=\"CDt4Ke zfr3Q\" style=\"font-variant-ligatures: none; margin: 0px; outline: none; position: relative; color: rgb(33, 33, 33); font-size: 11pt; text-decoration-line: inherit; font-family: Merriweather, serif; line-height: 1.6667; padding-top: 0px; white-space: pre-wrap;\">\ud83d\udd39<span class=\" Apple-tab-span\" style=\"white-space: pre;\">\t<\/span>Google drive: Almacenamiento de archivos<\/p><p dir=\"ltr\" class=\"CDt4Ke zfr3Q\" style=\"font-variant-ligatures: none; margin: 12px 0px 0px; outline: none; position: relative; color: rgb(33, 33, 33); font-size: 11pt; text-decoration-line: inherit; font-family: Merriweather, serif; line-height: 1.6667; white-space: pre-wrap;\">\ud83d\udd39<span class=\" Apple-tab-span\" style=\"white-space: pre;\">\t<\/span>Google Meet: Clases en vivo<\/p><p dir=\"ltr\" class=\"CDt4Ke zfr3Q\" style=\"font-variant-ligatures: none; margin: 12px 0px 0px; outline: none; position: relative; color: rgb(33, 33, 33); font-size: 11pt; text-decoration-line: inherit; font-family: Merriweather, serif; line-height: 1.6667; white-space: pre-wrap;\">\ud83d\udd39<span class=\" Apple-tab-span\" style=\"white-space: pre;\">\t<\/span>Gmail : Correo electr\u00f3nico (Para ingresar a los servicios y aplicaciones de google se debe contar con una cuenta de correo GMAIL)<\/p><p dir=\"ltr\" class=\"CDt4Ke zfr3Q\" style=\"font-variant-ligatures: none; margin: 12px 0px 0px; outline: none; position: relative; color: rgb(33, 33, 33); font-size: 11pt; text-decoration-line: inherit; font-family: Merriweather, serif; line-height: 1.6667; white-space: pre-wrap;\">\ud83d\udd39<span class=\" Apple-tab-span\" style=\"white-space: pre;\">\t<\/span>Jamboard : Pizarra digital colaborativa<\/p><p dir=\"ltr\" class=\"CDt4Ke zfr3Q\" style=\"font-variant-ligatures: none; margin: 12px 0px 0px; outline: none; position: relative; color: rgb(33, 33, 33); font-size: 11pt; text-decoration-line: inherit; font-family: Merriweather, serif; line-height: 1.6667; padding-bottom: 0px; white-space: pre-wrap;\">\ud83d\udd39<span class=\" Apple-tab-span\" style=\"white-space: pre;\">\t<\/span>Otras aplicaciones educativas<\/p>\n\n\n\n\n<h3 align=\"center\" style=\"line-height: 1;\"><span style=\"color: rgb(84, 141, 212);\">SALUD PSICOL\u00d3GICA Y ESPIRITUAL\n<\/span><\/h3>\n\n\n<h6 dir=\"ltr\" class=\"CDt4Ke zfr3Q\" style=\"font-variant-ligatures: none; margin: 0px; outline: none; position: relative; color: rgb(33, 33, 33); font-size: 11pt; text-decoration-line: inherit; font-family: Merriweather, serif; line-height: 1.6667; padding-top: 0px; white-space: pre-wrap;\"><img decoding=\"async\" draggable=\"true\" role=\"img\" class=\"emoji\" alt=\"\ud83d\udd39\" src=\"https:\/\/s.w.org\/images\/core\/emoji\/14.0.0\/svg\/1f539.svg\"><span class=\" Apple-tab-span\" style=\"white-space: pre;\">\t<\/span>Asistencia psicol\u00f3gica <p dir=\"ltr\" class=\"CDt4Ke zfr3Q\" style=\"font-variant-ligatures: none; margin: 12px 0px 0px; outline: none; position: relative; color: rgb(33, 33, 33); font-size: 11pt; text-decoration-line: inherit; font-family: Merriweather, serif; line-height: 1.6667; white-space: pre-wrap;\"><img decoding=\"async\" draggable=\"true\" role=\"img\" class=\"emoji\" alt=\"\ud83d\udd39\" src=\"https:\/\/s.w.org\/images\/core\/emoji\/14.0.0\/svg\/1f539.svg\"><span class=\" Apple-tab-span\" style=\"white-space: pre;\">\t<\/span>Consejer\u00eda Espiritual<\/p><p dir=\"ltr\" class=\"CDt4Ke zfr3Q\" style=\"font-variant-ligatures: none; margin: 12px 0px 0px; outline: none; position: relative; color: rgb(33, 33, 33); font-size: 11pt; text-decoration-line: inherit; font-family: Merriweather, serif; line-height: 1.6667; white-space: pre-wrap;\"><img decoding=\"async\" draggable=\"true\" role=\"img\" class=\"emoji\" alt=\"\ud83d\udd39\" src=\"https:\/\/s.w.org\/images\/core\/emoji\/14.0.0\/svg\/1f539.svg\"><span class=\" Apple-tab-span\" style=\"white-space: pre;\">\t<\/span>Escuela de padres mediante Video Conferencias.<\/p><p dir=\"ltr\" class=\"CDt4Ke zfr3Q\" style=\"font-variant-ligatures: none; margin: 12px 0px 0px; outline: none; position: relative; color: rgb(33, 33, 33); font-size: 11pt; text-decoration-line: inherit; font-family: Merriweather, serif; line-height: 1.6667; white-space: pre-wrap;\"><img decoding=\"async\" draggable=\"true\" role=\"img\" class=\"emoji\" alt=\"\ud83d\udd39\" src=\"https:\/\/s.w.org\/images\/core\/emoji\/14.0.0\/svg\/1f539.svg\"><span class=\" Apple-tab-span\" style=\"white-space: pre;\">\t<\/span>Tutor\u00eda especializada.<\/p><p dir=\"ltr\" class=\"CDt4Ke zfr3Q\" style=\"font-variant-ligatures: none; margin: 12px 0px 0px; outline: none; position: relative; color: rgb(33, 33, 33); font-size: 11pt; text-decoration-line: inherit; font-family: Merriweather, serif; line-height: 1.6667; padding-bottom: 0px; white-space: pre-wrap;\"><img decoding=\"async\" draggable=\"true\" role=\"img\" class=\"emoji\" alt=\"\ud83d\udd39\" src=\"https:\/\/s.w.org\/images\/core\/emoji\/14.0.0\/svg\/1f539.svg\"><span class=\" Apple-tab-span\" style=\"white-space: pre;\">\t<\/span>Seguimiento personalizado para el mejoramiento de su desarrollo acad\u00e9mico y personal.<\/p><\/h6>\n\n\n\n\n\n<p><a class=\"boton_personalizado\" href=\"https:\/\/harvard.edu.pe\/main\/propuesta_educativa\/\" rel=\"noopener\">\ud83e\udc14 VOLVER<\/a><\/p>\n\n\n","protected":false},"excerpt":{"rendered":"","protected":false},"author":1,"featured_media":0,"parent":63,"menu_order":0,"comment_status":"closed","ping_status":"closed","template":"","meta":{"om_disable_all_campaigns":false,"_monsterinsights_skip_tracking":false,"_monsterinsights_sitenote_active":false,"_monsterinsights_sitenote_note":"","_monsterinsights_sitenote_category":0,"site-sidebar-layout":"default","site-content-layout":"default","ast-global-header-display":"","ast-main-header-display":"","ast-hfb-above-header-display":"","ast-hfb-below-header-display":"","ast-hfb-mobile-header-display":"","site-post-title":"","ast-breadcrumbs-content":"","ast-featured-img":"","footer-sml-layout":"","theme-transparent-header-meta":"","adv-header-id-meta":"","stick-header-meta":"","header-above-stick-meta":"","header-main-stick-meta":"","header-below-stick-meta":"","footnotes":""},"class_list":["post-66","page","type-page","status-publish","hentry"],"_links":{"self":[{"href":"https:\/\/harvard.edu.pe\/main\/wp-json\/wp\/v2\/pages\/66","targetHints":{"allow":["GET"]}}],"collection":[{"href":"https:\/\/harvard.edu.pe\/main\/wp-json\/wp\/v2\/pages"}],"about":[{"href":"https:\/\/harvard.edu.pe\/main\/wp-json\/wp\/v2\/types\/page"}],"author":[{"embeddable":true,"href":"https:\/\/harvard.edu.pe\/main\/wp-json\/wp\/v2\/users\/1"}],"replies":[{"embeddable":true,"href":"https:\/\/harvard.edu.pe\/main\/wp-json\/wp\/v2\/comments?post=66"}],"version-history":[{"count":3,"href":"https:\/\/harvard.edu.pe\/main\/wp-json\/wp\/v2\/pages\/66\/revisions"}],"predecessor-version":[{"id":782,"href":"https:\/\/harvard.edu.pe\/main\/wp-json\/wp\/v2\/pages\/66\/revisions\/782"}],"up":[{"embeddable":true,"href":"https:\/\/harvard.edu.pe\/main\/wp-json\/wp\/v2\/pages\/63"}],"wp:attachment":[{"href":"https:\/\/harvard.edu.pe\/main\/wp-json\/wp\/v2\/media?parent=66"}],"curies":[{"name":"wp","href":"https:\/\/api.w.org\/{rel}","templated":true}]}}