{"id":65,"date":"2021-03-04T04:41:45","date_gmt":"2021-03-04T04:41:45","guid":{"rendered":"https:\/\/harvard.edu.pe\/main\/?page_id=138"},"modified":"2026-01-13T22:15:48","modified_gmt":"2026-01-13T22:15:48","slug":"inicial-2","status":"publish","type":"page","link":"https:\/\/harvard.edu.pe\/main\/propuesta_educativa\/inicial-2\/","title":{"rendered":"INICIAL"},"content":{"rendered":"\n\n\n\n\n\n\n<h3 style=\"line-height: 1;\"><span style=\"color: rgb(84, 141, 212);\">Conoce nuestra\npropuesta educativa en Inicial<\/span><\/h3>\n\n<h6 style=\"font-size: 20px;\">Nuestra metodolog\u00eda ha sido dise\u00f1ada con el fin de guiar a nuestros estudiantes para que disfruten de la investigaci\u00f3n, desarrollen la autonom\u00eda y estimulen su creatividad a trav\u00e9s de trabajos individuales y grupales.<\/h6>\n\n\n\n\n\n\n\n\n\n\n\n<h3 align=\"center\" style=\"line-height: 1;\"><span style=\"color: rgb(84, 141, 212);\">PROPUESTA ACAD\u00c9MICA<\/span><\/h3>\n\n\n\n\n\n\n\n<h6 style=\"text-align: justify;\"><strong><span style=\"font-size: 20px;\">Sus hijos en este a\u00f1o desarrollar\u00e1n:<\/span><span style=\"font-size: 20px;\"><span style=\"font-size: 20px;\"><br><\/span><br><\/span><\/strong><p><span style=\"font-size: 20px;\"><strong><img decoding=\"async\" draggable=\"true\" role=\"img\" class=\"emoji\" alt=\"\ud83d\udd39\" src=\"https:\/\/s.w.org\/images\/core\/emoji\/17.0.2\/svg\/1f539.svg\"> \tUna educaci\u00f3n integral,  promoviendo el desarrollo de las capacidades cognitivas, art\u00edsticas y deportivas.<\/strong><\/span><\/p><p><span style=\"font-size: 20px;\"><strong><img decoding=\"async\" draggable=\"true\" role=\"img\" class=\"emoji\" alt=\"\ud83d\udd39\" src=\"https:\/\/s.w.org\/images\/core\/emoji\/17.0.2\/svg\/1f539.svg\"> \tHabilidades de investigaci\u00f3n, orientados a desarrollar y potenciar las capacidades cognitivas.<\/strong><\/span><\/p><p><span style=\"font-size: 20px;\"><strong><img decoding=\"async\" draggable=\"true\" role=\"img\" class=\"emoji\" alt=\"\ud83d\udd39\" src=\"https:\/\/s.w.org\/images\/core\/emoji\/17.0.2\/svg\/1f539.svg\"> \tActividades l\u00fadicas, resolviendo conflictos y poniendo a prueba su inventiva.<\/strong><\/span><\/p><p><span style=\"font-size: 20px;\"><strong><img decoding=\"async\" draggable=\"true\" role=\"img\" class=\"emoji\" alt=\"\ud83d\udd39\" src=\"https:\/\/s.w.org\/images\/core\/emoji\/17.0.2\/svg\/1f539.svg\"> \tUna formaci\u00f3n de identidad, reconoci\u00e9ndose como ni\u00f1o o ni\u00f1a, expresando sus emociones con mucha seguridad.<\/strong><\/span><\/p><p style=\"text-align: justify;\"><span style=\"font-size: 20px;\"><strong><img decoding=\"async\" draggable=\"true\" role=\"img\" class=\"emoji\" alt=\"\ud83d\udd39\" src=\"https:\/\/s.w.org\/images\/core\/emoji\/17.0.2\/svg\/1f539.svg\"> \tUn protagonismo infantil promoviendo el trabajo cooperativo.<\/strong><\/span><\/p><\/h6>\n\n\n\n\n\n\n\n\n\n<h3 style=\"line-height: 1;\" align=\"center\"><span style=\"color: rgb(84, 141, 212);\">HORARIO DE CLASES<\/span><\/h3>\n\n\n\n\n\n\n\n\n<h3 style=\"line-height: 1;\" align=\"center\"><span style=\"color: rgb(84, 141, 212);\">CALENDARIZACI<\/span><span style=\"color: rgb(79, 129, 189);\"><span class=\"ILfuVd\" lang=\"es\"><span class=\"hgKElc\">\u00d3<\/span><\/span><\/span><span style=\"color: rgb(84, 141, 212);\">N<br><\/span><\/h3>\n\n\n\n\n\n\n\n\n\n\n\n\n\n\n\n\n\n\n<h3 style=\"line-height: 1;\" align=\"center\"><span style=\"color: rgb(84, 141, 212);\">PLATAFORMA VIRTUAL<\/span><\/h3>\n\n\n\n\n\n\n<h3 align=\"center\" style=\"line-height: 1;\"><span style=\"color: rgb(84, 141, 212);\">SIANET\n<\/span><\/h3>\n<span style=\"font-size:medium;\"><h6 dir=\"ltr\" class=\"CDt4Ke zfr3Q\" style=\"font-variant-ligatures: none; margin: 0px; outline: none; position: relative; color: rgb(33, 33, 33); text-decoration-line: inherit; font-family: Merriweather, serif; line-height: 1.6667; padding-top: 0px; white-space: pre-wrap;\"><img decoding=\"async\" draggable=\"true\" role=\"img\" class=\"emoji\" alt=\"\ud83d\udd39\" src=\"https:\/\/s.w.org\/images\/core\/emoji\/17.0.2\/svg\/1f539.svg\"><span class=\" Apple-tab-span\" style=\"white-space: pre;\">\t<\/span>Clases en vivo interactivas<\/h6><h6 dir=\"ltr\" class=\"CDt4Ke zfr3Q\" style=\"font-variant-ligatures: none; margin: 12px 0px 0px; outline: none; position: relative; color: rgb(33, 33, 33); text-decoration-line: inherit; font-family: Merriweather, serif; line-height: 1.6667; white-space: pre-wrap;\"><img decoding=\"async\" draggable=\"true\" role=\"img\" class=\"emoji\" alt=\"\ud83d\udd39\" src=\"https:\/\/s.w.org\/images\/core\/emoji\/17.0.2\/svg\/1f539.svg\"><span class=\" Apple-tab-span\" style=\"white-space: pre;\">\t<\/span>Sistema de notas<\/h6><h6 dir=\"ltr\" class=\"CDt4Ke zfr3Q\" style=\"font-variant-ligatures: none; margin: 12px 0px 0px; outline: none; position: relative; color: rgb(33, 33, 33); text-decoration-line: inherit; font-family: Merriweather, serif; line-height: 1.6667; white-space: pre-wrap;\"><img decoding=\"async\" draggable=\"true\" role=\"img\" class=\"emoji\" alt=\"\ud83d\udd39\" src=\"https:\/\/s.w.org\/images\/core\/emoji\/17.0.2\/svg\/1f539.svg\"><span class=\" Apple-tab-span\" style=\"white-space: pre;\">\t<\/span>Tareas y ex\u00e1menes virtuales<\/h6><h6 dir=\"ltr\" class=\"CDt4Ke zfr3Q\" style=\"font-variant-ligatures: none; margin: 12px 0px 0px; outline: none; position: relative; color: rgb(33, 33, 33); text-decoration-line: inherit; font-family: Merriweather, serif; line-height: 1.6667; white-space: pre-wrap;\"><img decoding=\"async\" draggable=\"true\" role=\"img\" class=\"emoji\" alt=\"\ud83d\udd39\" src=\"https:\/\/s.w.org\/images\/core\/emoji\/17.0.2\/svg\/1f539.svg\"><span class=\" Apple-tab-span\" style=\"white-space: pre;\">\t<\/span>Mensajer\u00eda interna<\/h6><h6 dir=\"ltr\" class=\"CDt4Ke zfr3Q\" style=\"font-variant-ligatures: none; margin: 12px 0px 0px; outline: none; position: relative; color: rgb(33, 33, 33); text-decoration-line: inherit; font-family: Merriweather, serif; line-height: 1.6667; padding-bottom: 0px; white-space: pre-wrap;\"><img decoding=\"async\" draggable=\"true\" role=\"img\" class=\"emoji\" alt=\"\ud83d\udd39\" src=\"https:\/\/s.w.org\/images\/core\/emoji\/17.0.2\/svg\/1f539.svg\"><span class=\" Apple-tab-span\" style=\"white-space: pre;\">\t<\/span>Aplicaci\u00f3n para celulares<\/h6><\/span><h6 dir=\"ltr\" class=\"CDt4Ke zfr3Q\" style=\"font-variant-ligatures: none; margin: 12px 0px 0px; outline: none; position: relative; color: rgb(33, 33, 33); font-size: 11pt; text-decoration-line: inherit; font-family: Merriweather, serif; line-height: 1.6667; padding-bottom: 0px; white-space: pre-wrap;\"><\/h6>\n\n\n\n\n<h3 align=\"center\" style=\"line-height: 1;\"><span style=\"color: rgb(84, 141, 212);\">GOOGLE SUITE FOR EDUCATION\n<\/span><\/h3>\n<p style=\"text-align: justify;\"><span style=\"font-size:medium;\"><h6 dir=\"ltr\" class=\"CDt4Ke zfr3Q\" style=\"font-variant-ligatures: none; margin: 0px; outline: none; position: relative; color: rgb(33, 33, 33); text-decoration-line: inherit; font-family: Merriweather, serif; line-height: 1.6667; padding-top: 0px; white-space: pre-wrap;\"><img decoding=\"async\" draggable=\"true\" role=\"img\" class=\"emoji\" alt=\"\ud83d\udd39\" src=\"https:\/\/s.w.org\/images\/core\/emoji\/17.0.2\/svg\/1f539.svg\"><span class=\" Apple-tab-span\" style=\"white-space: pre;\">\t<\/span>Google drive: Almacenamiento de archivos<\/h6><h6 dir=\"ltr\" class=\"CDt4Ke zfr3Q\" style=\"font-variant-ligatures: none; margin: 12px 0px 0px; outline: none; position: relative; color: rgb(33, 33, 33); text-decoration-line: inherit; font-family: Merriweather, serif; line-height: 1.6667; white-space: pre-wrap;\"><img decoding=\"async\" draggable=\"true\" role=\"img\" class=\"emoji\" alt=\"\ud83d\udd39\" src=\"https:\/\/s.w.org\/images\/core\/emoji\/17.0.2\/svg\/1f539.svg\"><span class=\" Apple-tab-span\" style=\"white-space: pre;\">\t<\/span>Google Meet: Clases en vivo<\/h6><h6 dir=\"ltr\" class=\"CDt4Ke zfr3Q\" style=\"font-variant-ligatures: none; margin: 12px 0px 0px; outline: none; position: relative; color: rgb(33, 33, 33); text-decoration-line: inherit; font-family: Merriweather, serif; line-height: 1.6667; white-space: pre-wrap;\"><img decoding=\"async\" draggable=\"true\" role=\"img\" class=\"emoji\" alt=\"\ud83d\udd39\" src=\"https:\/\/s.w.org\/images\/core\/emoji\/17.0.2\/svg\/1f539.svg\"><span class=\" Apple-tab-span\" style=\"white-space: pre;\">\t<\/span>Gmail : Correo electr\u00f3nico (Para ingresar a los servicios y aplicaciones de google se debe contar con una cuenta de correo GMAIL)<\/h6><h6 dir=\"ltr\" class=\"CDt4Ke zfr3Q\" style=\"font-variant-ligatures: none; margin: 12px 0px 0px; outline: none; position: relative; color: rgb(33, 33, 33); text-decoration-line: inherit; font-family: Merriweather, serif; line-height: 1.6667; white-space: pre-wrap;\"><img decoding=\"async\" draggable=\"true\" role=\"img\" class=\"emoji\" alt=\"\ud83d\udd39\" src=\"https:\/\/s.w.org\/images\/core\/emoji\/17.0.2\/svg\/1f539.svg\"><span class=\" Apple-tab-span\" style=\"white-space: pre;\">\t<\/span>Jamboard : Pizarra digital colaborativa<\/h6><h6 dir=\"ltr\" class=\"CDt4Ke zfr3Q\" style=\"font-variant-ligatures: none; margin: 12px 0px 0px; outline: none; position: relative; color: rgb(33, 33, 33); text-decoration-line: inherit; font-family: Merriweather, serif; line-height: 1.6667; padding-bottom: 0px; white-space: pre-wrap;\"><img decoding=\"async\" draggable=\"true\" role=\"img\" class=\"emoji\" alt=\"\ud83d\udd39\" src=\"https:\/\/s.w.org\/images\/core\/emoji\/17.0.2\/svg\/1f539.svg\"><span class=\" Apple-tab-span\" style=\"white-space: pre;\">\t<\/span>Otras aplicaciones educativas<\/h6><\/span><\/p><h6 dir=\"ltr\" class=\"CDt4Ke zfr3Q\" style=\"font-variant-ligatures: none; margin: 12px 0px 0px; outline: none; position: relative; color: rgb(33, 33, 33); font-size: 11pt; text-decoration-line: inherit; font-family: Merriweather, serif; line-height: 1.6667; padding-bottom: 0px; white-space: pre-wrap;\"><\/h6>\n\n\n\n\n\n\n\n\n\n<h3 align=\"center\" style=\"line-height: 1;\"><span style=\"color: rgb(84, 141, 212);\">SALUD PSICOL\u00d3GICA Y ESPIRITUAL\n<\/span><\/h3>\n\n\n<span style=\"font-size:medium;\"><h6 dir=\"ltr\" class=\"CDt4Ke zfr3Q\" style=\"font-variant-ligatures: none; margin: 0px; outline: none; position: relative; color: rgb(33, 33, 33); text-decoration-line: inherit; font-family: Merriweather, serif; line-height: 1.6667; padding-top: 0px; white-space: pre-wrap;\"><img decoding=\"async\" draggable=\"true\" role=\"img\" class=\"emoji\" alt=\"\ud83d\udd39\" src=\"https:\/\/s.w.org\/images\/core\/emoji\/14.0.0\/svg\/1f539.svg\"><span class=\" Apple-tab-span\" style=\"white-space: pre;\">\t<\/span>Asistencia psicol\u00f3gica<\/h6><h6 dir=\"ltr\" class=\"CDt4Ke zfr3Q\" style=\"font-variant-ligatures: none; margin: 12px 0px 0px; outline: none; position: relative; color: rgb(33, 33, 33); text-decoration-line: inherit; font-family: Merriweather, serif; line-height: 1.6667; white-space: pre-wrap;\"><img decoding=\"async\" draggable=\"true\" role=\"img\" class=\"emoji\" alt=\"\ud83d\udd39\" src=\"https:\/\/s.w.org\/images\/core\/emoji\/14.0.0\/svg\/1f539.svg\"><span class=\" Apple-tab-span\" style=\"white-space: pre;\">\t<\/span>Consejer\u00eda Espiritual<span style=\"\"><\/span><\/h6><h6 dir=\"ltr\" class=\"CDt4Ke zfr3Q\" style=\"font-variant-ligatures: none; margin: 12px 0px 0px; outline: none; position: relative; color: rgb(33, 33, 33); text-decoration-line: inherit; font-family: Merriweather, serif; line-height: 1.6667; white-space: pre-wrap;\"><img decoding=\"async\" draggable=\"true\" role=\"img\" class=\"emoji\" alt=\"\ud83d\udd39\" src=\"https:\/\/s.w.org\/images\/core\/emoji\/14.0.0\/svg\/1f539.svg\"><span class=\" Apple-tab-span\" style=\"white-space: pre;\">\t<\/span>Escuela de padres mediante Video Conferencias.<\/h6><h6 dir=\"ltr\" class=\"CDt4Ke zfr3Q\" style=\"font-variant-ligatures: none; margin: 12px 0px 0px; outline: none; position: relative; color: rgb(33, 33, 33); text-decoration-line: inherit; font-family: Merriweather, serif; line-height: 1.6667; white-space: pre-wrap;\"><img decoding=\"async\" draggable=\"true\" role=\"img\" class=\"emoji\" alt=\"\ud83d\udd39\" src=\"https:\/\/s.w.org\/images\/core\/emoji\/14.0.0\/svg\/1f539.svg\"><span class=\" Apple-tab-span\" style=\"white-space: pre;\">\t<\/span>Tutor\u00eda especializada.<\/h6><h6 dir=\"ltr\" class=\"CDt4Ke zfr3Q\" style=\"font-variant-ligatures: none; margin: 12px 0px 0px; outline: none; position: relative; color: rgb(33, 33, 33); text-decoration-line: inherit; font-family: Merriweather, serif; line-height: 1.6667; padding-bottom: 0px; white-space: pre-wrap;\"><img decoding=\"async\" draggable=\"true\" role=\"img\" class=\"emoji\" alt=\"\ud83d\udd39\" src=\"https:\/\/s.w.org\/images\/core\/emoji\/14.0.0\/svg\/1f539.svg\"><span class=\" Apple-tab-span\" style=\"white-space: pre;\">\t<\/span>Seguimiento personalizado para el mejoramiento de su desarrollo acad\u00e9mico y personal.<\/h6><\/span><h6 dir=\"ltr\" class=\"CDt4Ke zfr3Q\" style=\"font-variant-ligatures: none; margin: 12px 0px 0px; outline: none; position: relative; color: rgb(33, 33, 33); font-size: 11pt; text-decoration-line: inherit; font-family: Merriweather, serif; line-height: 1.6667; padding-bottom: 0px; white-space: pre-wrap;\"><\/h6>\n\n\n\n\n\n<p><a class=\"boton_personalizado\" href=\"https:\/\/harvard.edu.pe\/main\/propuesta_educativa\/\" rel=\"noopener\">\ud83e\udc14 VOLVER<\/a><\/p>\n\n\n\n\n\n\n","protected":false},"excerpt":{"rendered":"","protected":false},"author":1,"featured_media":0,"parent":63,"menu_order":0,"comment_status":"closed","ping_status":"closed","template":"","meta":{"om_disable_all_campaigns":false,"_monsterinsights_skip_tracking":false,"_monsterinsights_sitenote_active":false,"_monsterinsights_sitenote_note":"","_monsterinsights_sitenote_category":0,"site-sidebar-layout":"default","site-content-layout":"default","ast-global-header-display":"","ast-main-header-display":"","ast-hfb-above-header-display":"","ast-hfb-below-header-display":"","ast-hfb-mobile-header-display":"","site-post-title":"","ast-breadcrumbs-content":"","ast-featured-img":"","footer-sml-layout":"","theme-transparent-header-meta":"","adv-header-id-meta":"","stick-header-meta":"","header-above-stick-meta":"","header-main-stick-meta":"","header-below-stick-meta":"","footnotes":""},"class_list":["post-65","page","type-page","status-publish","hentry"],"_links":{"self":[{"href":"https:\/\/harvard.edu.pe\/main\/wp-json\/wp\/v2\/pages\/65","targetHints":{"allow":["GET"]}}],"collection":[{"href":"https:\/\/harvard.edu.pe\/main\/wp-json\/wp\/v2\/pages"}],"about":[{"href":"https:\/\/harvard.edu.pe\/main\/wp-json\/wp\/v2\/types\/page"}],"author":[{"embeddable":true,"href":"https:\/\/harvard.edu.pe\/main\/wp-json\/wp\/v2\/users\/1"}],"replies":[{"embeddable":true,"href":"https:\/\/harvard.edu.pe\/main\/wp-json\/wp\/v2\/comments?post=65"}],"version-history":[{"count":5,"href":"https:\/\/harvard.edu.pe\/main\/wp-json\/wp\/v2\/pages\/65\/revisions"}],"predecessor-version":[{"id":804,"href":"https:\/\/harvard.edu.pe\/main\/wp-json\/wp\/v2\/pages\/65\/revisions\/804"}],"up":[{"embeddable":true,"href":"https:\/\/harvard.edu.pe\/main\/wp-json\/wp\/v2\/pages\/63"}],"wp:attachment":[{"href":"https:\/\/harvard.edu.pe\/main\/wp-json\/wp\/v2\/media?parent=65"}],"curies":[{"name":"wp","href":"https:\/\/api.w.org\/{rel}","templated":true}]}}