{"id":63,"date":"2021-03-04T02:14:56","date_gmt":"2021-03-04T02:14:56","guid":{"rendered":"https:\/\/harvard.edu.pe\/main\/?page_id=44"},"modified":"2026-01-13T22:09:30","modified_gmt":"2026-01-13T22:09:30","slug":"propuesta_educativa","status":"publish","type":"page","link":"https:\/\/harvard.edu.pe\/main\/propuesta_educativa\/","title":{"rendered":"PROPUESTA EDUCATIVA"},"content":{"rendered":"\n\n\n\n\n\n\n<h2 align=\"center\"><span style=\"line-height: 1; color: rgb(31, 73, 125);\">La educaci\u00f3n ayuda a la persona a aprender a ser lo que es capaz de ser.<\/span><\/h2>\n\n\n\n\n\n\n\n\n\n\n\n\n\n\n<h3 align=\"center\"><span style=\"color: rgb(84, 141, 212); line-height: 1;\">Es por ello que nuestras aulas tienen las perfectas condiciones para los siguientes niveles:<\/span><\/h3>\n\n\n\n\n\n\n\n\n\n\n\n\n\n\n\n\n\n\n\n\n\n\n<h3>PROPUESTA PEDAG\u00d3GICA<\/h3>\n\n\n\n<h6>Frente a estos desaf\u00edos de la educaci\u00f3n a distancia se presenta como una alternativa factible, el aprendizaje Virtual, por ser una opci\u00f3n viable, flexible y eficaz para desarrollar programas educativos de calidad.<\/h6>\n<br>\n<h6>El colegio Particular Harvard trabaja con un plan curricular que se sustenta en el Curr\u00edculo Nacional de Educaci\u00f3n B\u00e1sica CNEB.<\/h6>\n\n\n\n\n\n\n","protected":false},"excerpt":{"rendered":"","protected":false},"author":1,"featured_media":0,"parent":0,"menu_order":0,"comment_status":"closed","ping_status":"closed","template":"","meta":{"om_disable_all_campaigns":false,"_monsterinsights_skip_tracking":false,"_monsterinsights_sitenote_active":false,"_monsterinsights_sitenote_note":"","_monsterinsights_sitenote_category":0,"site-sidebar-layout":"default","site-content-layout":"default","ast-global-header-display":"","ast-main-header-display":"","ast-hfb-above-header-display":"","ast-hfb-below-header-display":"","ast-hfb-mobile-header-display":"","site-post-title":"","ast-breadcrumbs-content":"","ast-featured-img":"","footer-sml-layout":"","theme-transparent-header-meta":"","adv-header-id-meta":"","stick-header-meta":"","header-above-stick-meta":"","header-main-stick-meta":"","header-below-stick-meta":"","footnotes":""},"class_list":["post-63","page","type-page","status-publish","hentry"],"_links":{"self":[{"href":"https:\/\/harvard.edu.pe\/main\/wp-json\/wp\/v2\/pages\/63","targetHints":{"allow":["GET"]}}],"collection":[{"href":"https:\/\/harvard.edu.pe\/main\/wp-json\/wp\/v2\/pages"}],"about":[{"href":"https:\/\/harvard.edu.pe\/main\/wp-json\/wp\/v2\/types\/page"}],"author":[{"embeddable":true,"href":"https:\/\/harvard.edu.pe\/main\/wp-json\/wp\/v2\/users\/1"}],"replies":[{"embeddable":true,"href":"https:\/\/harvard.edu.pe\/main\/wp-json\/wp\/v2\/comments?post=63"}],"version-history":[{"count":5,"href":"https:\/\/harvard.edu.pe\/main\/wp-json\/wp\/v2\/pages\/63\/revisions"}],"predecessor-version":[{"id":803,"href":"https:\/\/harvard.edu.pe\/main\/wp-json\/wp\/v2\/pages\/63\/revisions\/803"}],"wp:attachment":[{"href":"https:\/\/harvard.edu.pe\/main\/wp-json\/wp\/v2\/media?parent=63"}],"curies":[{"name":"wp","href":"https:\/\/api.w.org\/{rel}","templated":true}]}}